{"id":19,"date":"2024-02-20T22:13:30","date_gmt":"2024-02-20T22:13:30","guid":{"rendered":"https:\/\/mefas.com.tr\/wordpress\/?page_id=19"},"modified":"2024-02-21T09:46:23","modified_gmt":"2024-02-21T09:46:23","slug":"contact-2","status":"publish","type":"page","link":"https:\/\/mefas.com.tr\/tr\/?page_id=19","title":{"rendered":"\u0130leti\u015fim"},"content":{"rendered":"\n<div class=\"wp-block-group alignfull has-global-padding is-layout-constrained wp-container-core-group-is-layout-19e250f3 wp-block-group-is-layout-constrained\">\n<div class=\"wp-block-columns alignfull are-vertically-aligned-center has-light-background-background-color has-background is-layout-flex wp-container-core-columns-is-layout-dd282781 wp-block-columns-is-layout-flex\" style=\"padding-top:0;padding-right:0;padding-bottom:0;padding-left:0\">\n<div class=\"wp-block-column is-vertically-aligned-center map-grayscale is-layout-flow wp-block-column-is-layout-flow\" style=\"flex-basis:50%\">\n<figure class=\"wp-block-image size-full\"><a href=\"https:\/\/maps.app.goo.gl\/4e6d4UkN56YyEk2b9\"><img loading=\"lazy\" decoding=\"async\" width=\"605\" height=\"452\" src=\"https:\/\/mefas.com.tr\/tr\/wp-content\/uploads\/2024\/02\/harita-1.png\" alt=\"\" class=\"wp-image-66\" srcset=\"https:\/\/mefas.com.tr\/tr\/wp-content\/uploads\/2024\/02\/harita-1.png 605w, https:\/\/mefas.com.tr\/tr\/wp-content\/uploads\/2024\/02\/harita-1-300x224.png 300w\" sizes=\"auto, (max-width: 605px) 100vw, 605px\" \/><\/a><\/figure>\n<\/div>\n\n\n\n<div class=\"wp-block-column is-vertically-aligned-center is-layout-flow wp-block-column-is-layout-flow\" style=\"padding-top:var(--wp--preset--spacing--small);padding-right:var(--wp--preset--spacing--small);padding-bottom:var(--wp--preset--spacing--small);padding-left:2%;flex-basis:50%\">\n<h3 class=\"wp-block-heading has-large-font-size\">MEF Altyap\u0131 Ekipmanlar\u0131 A.\u015e.<\/h3>\n\n\n\n<p><\/p>\n\n\n\n<h3 class=\"wp-block-heading\"><strong>Adres<\/strong><\/h3>\n\n\n\n<p>YEN\u0130 MAH. ATAT\u00dcRK BULVARI NO:32\/A HENDEK \/ SAKARYA \/ T\u00dcRK\u0130YE<\/p>\n\n\n\n<h3 class=\"wp-block-heading\"><strong>Email<\/strong><\/h3>\n\n\n\n<p>info@mefas.com.tr<\/p>\n\n\n\n<h3 class=\"wp-block-heading\"><strong>Telefon<\/strong><\/h3>\n\n\n\n<p>+90 264 614 00 01<\/p>\n<\/div>\n<\/div>\n<\/div>\n\n\n\n<div class=\"wp-block-group has-global-padding is-layout-constrained wp-block-group-is-layout-constrained\">\n<div style=\"height:45px\" aria-hidden=\"true\" class=\"wp-block-spacer\"><\/div>\n<\/div>\n","protected":false},"excerpt":{"rendered":"<p>MEF Altyap\u0131 Ekipmanlar\u0131 A.\u015e. Adres YEN\u0130 MAH. ATAT\u00dcRK BULVARI NO:32\/A HENDEK \/ SAKARYA \/ T\u00dcRK\u0130YE Email info@mefas.com.tr Telefon +90 264 614 00 01<\/p>\n","protected":false},"author":1,"featured_media":16,"parent":0,"menu_order":0,"comment_status":"closed","ping_status":"closed","template":"","meta":{"inspiro_hide_title":false,"footnotes":""},"class_list":["post-19","page","type-page","status-publish","has-post-thumbnail","hentry"],"yoast_head":"<!-- This site is optimized with the Yoast SEO plugin v27.1.1 - https:\/\/yoast.com\/product\/yoast-seo-wordpress\/ -->\r\n<title>\u0130leti\u015fim - MEF ALTYAPI EK\u0130PMANLARI SANAY\u0130 VE T\u0130CARET A.\u015e.<\/title>\r\n<meta name=\"robots\" content=\"index, follow, max-snippet:-1, max-image-preview:large, max-video-preview:-1\" \/>\r\n<link rel=\"canonical\" href=\"https:\/\/mefas.com.tr\/tr\/?page_id=19\" \/>\r\n<meta property=\"og:locale\" content=\"tr_TR\" \/>\r\n<meta property=\"og:type\" content=\"article\" \/>\r\n<meta property=\"og:title\" content=\"\u0130leti\u015fim - MEF ALTYAPI EK\u0130PMANLARI SANAY\u0130 VE T\u0130CARET A.\u015e.\" \/>\r\n<meta property=\"og:description\" content=\"MEF Altyap\u0131 Ekipmanlar\u0131 A.\u015e. Adres YEN\u0130 MAH. ATAT\u00dcRK BULVARI NO:32\/A HENDEK \/ SAKARYA \/ T\u00dcRK\u0130YE Email info@mefas.com.tr Telefon +90 264 614 00 01\" \/>\r\n<meta property=\"og:url\" content=\"https:\/\/mefas.com.tr\/tr\/?page_id=19\" \/>\r\n<meta property=\"og:site_name\" content=\"MEF ALTYAPI EK\u0130PMANLARI SANAY\u0130 VE T\u0130CARET A.\u015e.\" \/>\r\n<meta property=\"article:modified_time\" content=\"2024-02-21T09:46:23+00:00\" \/>\r\n<meta property=\"og:image\" content=\"https:\/\/mefas.com.tr\/tr\/wp-content\/uploads\/2024\/02\/StockSnap_6O7JXC5DC5-1.jpg\" \/>\r\n\t<meta property=\"og:image:width\" content=\"2200\" \/>\r\n\t<meta property=\"og:image:height\" content=\"1468\" \/>\r\n\t<meta property=\"og:image:type\" content=\"image\/jpeg\" \/>\r\n<meta name=\"twitter:card\" content=\"summary_large_image\" \/>\r\n<meta name=\"twitter:label1\" content=\"Tahmini okuma s\u00fcresi\" \/>\n\t<meta name=\"twitter:data1\" content=\"1 dakika\" \/>\r\n<script type=\"application\/ld+json\" class=\"yoast-schema-graph\">{\"@context\":\"https:\/\/schema.org\",\"@graph\":[{\"@type\":\"WebPage\",\"@id\":\"https:\/\/mefas.com.tr\/tr\/?page_id=19\",\"url\":\"https:\/\/mefas.com.tr\/tr\/?page_id=19\",\"name\":\"\u0130leti\u015fim - MEF ALTYAPI EK\u0130PMANLARI SANAY\u0130 VE T\u0130CARET A.\u015e.\",\"isPartOf\":{\"@id\":\"https:\/\/mefas.com.tr\/tr\/#website\"},\"primaryImageOfPage\":{\"@id\":\"https:\/\/mefas.com.tr\/tr\/?page_id=19#primaryimage\"},\"image\":{\"@id\":\"https:\/\/mefas.com.tr\/tr\/?page_id=19#primaryimage\"},\"thumbnailUrl\":\"https:\/\/mefas.com.tr\/tr\/wp-content\/uploads\/2024\/02\/StockSnap_6O7JXC5DC5-1.jpg\",\"datePublished\":\"2024-02-20T22:13:30+00:00\",\"dateModified\":\"2024-02-21T09:46:23+00:00\",\"breadcrumb\":{\"@id\":\"https:\/\/mefas.com.tr\/tr\/?page_id=19#breadcrumb\"},\"inLanguage\":\"tr\",\"potentialAction\":[{\"@type\":\"ReadAction\",\"target\":[\"https:\/\/mefas.com.tr\/tr\/?page_id=19\"]}]},{\"@type\":\"ImageObject\",\"inLanguage\":\"tr\",\"@id\":\"https:\/\/mefas.com.tr\/tr\/?page_id=19#primaryimage\",\"url\":\"https:\/\/mefas.com.tr\/tr\/wp-content\/uploads\/2024\/02\/StockSnap_6O7JXC5DC5-1.jpg\",\"contentUrl\":\"https:\/\/mefas.com.tr\/tr\/wp-content\/uploads\/2024\/02\/StockSnap_6O7JXC5DC5-1.jpg\",\"width\":2200,\"height\":1468},{\"@type\":\"BreadcrumbList\",\"@id\":\"https:\/\/mefas.com.tr\/tr\/?page_id=19#breadcrumb\",\"itemListElement\":[{\"@type\":\"ListItem\",\"position\":1,\"name\":\"Anasayfa\",\"item\":\"https:\/\/mefas.com.tr\/tr\/\"},{\"@type\":\"ListItem\",\"position\":2,\"name\":\"\u0130leti\u015fim\"}]},{\"@type\":\"WebSite\",\"@id\":\"https:\/\/mefas.com.tr\/tr\/#website\",\"url\":\"https:\/\/mefas.com.tr\/tr\/\",\"name\":\"MEF ALTYAPI EK\u0130PMANLARI SANAY\u0130 VE T\u0130CARET A.\u015e.\",\"description\":\"\",\"publisher\":{\"@id\":\"https:\/\/mefas.com.tr\/tr\/#organization\"},\"potentialAction\":[{\"@type\":\"SearchAction\",\"target\":{\"@type\":\"EntryPoint\",\"urlTemplate\":\"https:\/\/mefas.com.tr\/tr\/?s={search_term_string}\"},\"query-input\":{\"@type\":\"PropertyValueSpecification\",\"valueRequired\":true,\"valueName\":\"search_term_string\"}}],\"inLanguage\":\"tr\"},{\"@type\":\"Organization\",\"@id\":\"https:\/\/mefas.com.tr\/tr\/#organization\",\"name\":\"MEF ALTYAPI EK\u0130PMANLARI SANAY\u0130 VE T\u0130CARET A.\u015e.\",\"url\":\"https:\/\/mefas.com.tr\/tr\/\",\"logo\":{\"@type\":\"ImageObject\",\"inLanguage\":\"tr\",\"@id\":\"https:\/\/mefas.com.tr\/tr\/#\/schema\/logo\/image\/\",\"url\":\"https:\/\/mefas.com.tr\/tr\/wp-content\/uploads\/2024\/02\/logo.png\",\"contentUrl\":\"https:\/\/mefas.com.tr\/tr\/wp-content\/uploads\/2024\/02\/logo.png\",\"width\":180,\"height\":46,\"caption\":\"MEF ALTYAPI EK\u0130PMANLARI SANAY\u0130 VE T\u0130CARET A.\u015e.\"},\"image\":{\"@id\":\"https:\/\/mefas.com.tr\/tr\/#\/schema\/logo\/image\/\"}}]}<\/script>\r\n<!-- \/ Yoast SEO plugin. -->","yoast_head_json":{"title":"\u0130leti\u015fim - MEF ALTYAPI EK\u0130PMANLARI SANAY\u0130 VE T\u0130CARET A.\u015e.","robots":{"index":"index","follow":"follow","max-snippet":"max-snippet:-1","max-image-preview":"max-image-preview:large","max-video-preview":"max-video-preview:-1"},"canonical":"https:\/\/mefas.com.tr\/tr\/?page_id=19","og_locale":"tr_TR","og_type":"article","og_title":"\u0130leti\u015fim - MEF ALTYAPI EK\u0130PMANLARI SANAY\u0130 VE T\u0130CARET A.\u015e.","og_description":"MEF Altyap\u0131 Ekipmanlar\u0131 A.\u015e. Adres YEN\u0130 MAH. ATAT\u00dcRK BULVARI NO:32\/A HENDEK \/ SAKARYA \/ T\u00dcRK\u0130YE Email info@mefas.com.tr Telefon +90 264 614 00 01","og_url":"https:\/\/mefas.com.tr\/tr\/?page_id=19","og_site_name":"MEF ALTYAPI EK\u0130PMANLARI SANAY\u0130 VE T\u0130CARET A.\u015e.","article_modified_time":"2024-02-21T09:46:23+00:00","og_image":[{"width":2200,"height":1468,"url":"https:\/\/mefas.com.tr\/tr\/wp-content\/uploads\/2024\/02\/StockSnap_6O7JXC5DC5-1.jpg","type":"image\/jpeg"}],"twitter_card":"summary_large_image","twitter_misc":{"Tahmini okuma s\u00fcresi":"1 dakika"},"schema":{"@context":"https:\/\/schema.org","@graph":[{"@type":"WebPage","@id":"https:\/\/mefas.com.tr\/tr\/?page_id=19","url":"https:\/\/mefas.com.tr\/tr\/?page_id=19","name":"\u0130leti\u015fim - MEF ALTYAPI EK\u0130PMANLARI SANAY\u0130 VE T\u0130CARET A.\u015e.","isPartOf":{"@id":"https:\/\/mefas.com.tr\/tr\/#website"},"primaryImageOfPage":{"@id":"https:\/\/mefas.com.tr\/tr\/?page_id=19#primaryimage"},"image":{"@id":"https:\/\/mefas.com.tr\/tr\/?page_id=19#primaryimage"},"thumbnailUrl":"https:\/\/mefas.com.tr\/tr\/wp-content\/uploads\/2024\/02\/StockSnap_6O7JXC5DC5-1.jpg","datePublished":"2024-02-20T22:13:30+00:00","dateModified":"2024-02-21T09:46:23+00:00","breadcrumb":{"@id":"https:\/\/mefas.com.tr\/tr\/?page_id=19#breadcrumb"},"inLanguage":"tr","potentialAction":[{"@type":"ReadAction","target":["https:\/\/mefas.com.tr\/tr\/?page_id=19"]}]},{"@type":"ImageObject","inLanguage":"tr","@id":"https:\/\/mefas.com.tr\/tr\/?page_id=19#primaryimage","url":"https:\/\/mefas.com.tr\/tr\/wp-content\/uploads\/2024\/02\/StockSnap_6O7JXC5DC5-1.jpg","contentUrl":"https:\/\/mefas.com.tr\/tr\/wp-content\/uploads\/2024\/02\/StockSnap_6O7JXC5DC5-1.jpg","width":2200,"height":1468},{"@type":"BreadcrumbList","@id":"https:\/\/mefas.com.tr\/tr\/?page_id=19#breadcrumb","itemListElement":[{"@type":"ListItem","position":1,"name":"Anasayfa","item":"https:\/\/mefas.com.tr\/tr\/"},{"@type":"ListItem","position":2,"name":"\u0130leti\u015fim"}]},{"@type":"WebSite","@id":"https:\/\/mefas.com.tr\/tr\/#website","url":"https:\/\/mefas.com.tr\/tr\/","name":"MEF ALTYAPI EK\u0130PMANLARI SANAY\u0130 VE T\u0130CARET A.\u015e.","description":"","publisher":{"@id":"https:\/\/mefas.com.tr\/tr\/#organization"},"potentialAction":[{"@type":"SearchAction","target":{"@type":"EntryPoint","urlTemplate":"https:\/\/mefas.com.tr\/tr\/?s={search_term_string}"},"query-input":{"@type":"PropertyValueSpecification","valueRequired":true,"valueName":"search_term_string"}}],"inLanguage":"tr"},{"@type":"Organization","@id":"https:\/\/mefas.com.tr\/tr\/#organization","name":"MEF ALTYAPI EK\u0130PMANLARI SANAY\u0130 VE T\u0130CARET A.\u015e.","url":"https:\/\/mefas.com.tr\/tr\/","logo":{"@type":"ImageObject","inLanguage":"tr","@id":"https:\/\/mefas.com.tr\/tr\/#\/schema\/logo\/image\/","url":"https:\/\/mefas.com.tr\/tr\/wp-content\/uploads\/2024\/02\/logo.png","contentUrl":"https:\/\/mefas.com.tr\/tr\/wp-content\/uploads\/2024\/02\/logo.png","width":180,"height":46,"caption":"MEF ALTYAPI EK\u0130PMANLARI SANAY\u0130 VE T\u0130CARET A.\u015e."},"image":{"@id":"https:\/\/mefas.com.tr\/tr\/#\/schema\/logo\/image\/"}}]}},"_links":{"self":[{"href":"https:\/\/mefas.com.tr\/tr\/index.php?rest_route=\/wp\/v2\/pages\/19","targetHints":{"allow":["GET"]}}],"collection":[{"href":"https:\/\/mefas.com.tr\/tr\/index.php?rest_route=\/wp\/v2\/pages"}],"about":[{"href":"https:\/\/mefas.com.tr\/tr\/index.php?rest_route=\/wp\/v2\/types\/page"}],"author":[{"embeddable":true,"href":"https:\/\/mefas.com.tr\/tr\/index.php?rest_route=\/wp\/v2\/users\/1"}],"replies":[{"embeddable":true,"href":"https:\/\/mefas.com.tr\/tr\/index.php?rest_route=%2Fwp%2Fv2%2Fcomments&post=19"}],"version-history":[{"count":6,"href":"https:\/\/mefas.com.tr\/tr\/index.php?rest_route=\/wp\/v2\/pages\/19\/revisions"}],"predecessor-version":[{"id":68,"href":"https:\/\/mefas.com.tr\/tr\/index.php?rest_route=\/wp\/v2\/pages\/19\/revisions\/68"}],"wp:featuredmedia":[{"embeddable":true,"href":"https:\/\/mefas.com.tr\/tr\/index.php?rest_route=\/wp\/v2\/media\/16"}],"wp:attachment":[{"href":"https:\/\/mefas.com.tr\/tr\/index.php?rest_route=%2Fwp%2Fv2%2Fmedia&parent=19"}],"curies":[{"name":"wp","href":"https:\/\/api.w.org\/{rel}","templated":true}]}}