{"id":17,"date":"2024-02-20T22:13:30","date_gmt":"2024-02-20T22:13:30","guid":{"rendered":"https:\/\/mefas.com.tr\/wordpress\/?page_id=17"},"modified":"2024-02-23T10:06:01","modified_gmt":"2024-02-23T10:06:01","slug":"homepage","status":"publish","type":"page","link":"https:\/\/mefas.com.tr\/tr\/","title":{"rendered":"Anasayfa"},"content":{"rendered":"\n<div class=\"wp-block-cover alignfull is-light\" style=\"min-height:100vh;aspect-ratio:unset;\"><span aria-hidden=\"true\" class=\"wp-block-cover__background has-background-dim-20 has-background-dim\"><\/span><video class=\"wp-block-cover__video-background intrinsic-ignore\" autoplay muted loop playsinline src=\"http:\/\/demo.wpzoom.com\/inspiro-lite\/files\/2022\/03\/Pexels-Videos-1409899-1.mp4\" data-object-fit=\"cover\"><\/video><div class=\"wp-block-cover__inner-container has-global-padding is-layout-constrained wp-block-cover-is-layout-constrained\">\n<p class=\"has-text-align-center has-white-color has-text-color has-max-60-font-size\" style=\"font-style:normal;font-weight:900;line-height:1.2\"><strong>Yarat\u0131c\u0131, H\u0131zl\u0131 ve Net \u00c7\u00f6z\u00fcmler<\/strong><\/p>\n\n\n\n<p class=\"has-text-align-center has-white-color has-text-color has-medium-font-size\">T\u00fcm tedarik s\u00fcre\u00e7lerinizde &#8230;<\/p>\n\n\n\n<div style=\"height:55px\" aria-hidden=\"true\" class=\"wp-block-spacer\"><\/div>\n\n\n\n<div class=\"wp-block-buttons is-content-justification-center is-layout-flex wp-container-core-buttons-is-layout-a89b3969 wp-block-buttons-is-layout-flex\"><\/div>\n<\/div><\/div>\n\n\n\n<div class=\"wp-block-group alignfull pattern_multiple_covers has-background has-global-padding is-layout-constrained wp-block-group-is-layout-constrained\" id=\"services\" style=\"background-color:#f8f8f8\">\n<p class=\"has-text-align-left has-secondary-color has-text-color\" style=\"letter-spacing:1px\">Beraber \u00e7al\u0131\u015fal\u0131m!<\/p>\n\n\n\n<h2 class=\"wp-block-heading has-text-align-left\">H\u0131zl\u0131 \u00dcr\u00fcn Y\u00f6netimi<\/h2>\n\n\n\n<p class=\"has-text-align-left\">MEF iste\u011finiz \/ \u015fartnameniz do\u011frultusunda \u00fcr\u00fcnleri h\u0131zl\u0131 ve g\u00fcvenilir \u015fekilde tedarik s\u00fcrecini tamamlayarak zaman\u0131ndan \u00f6nce eksiksiz teslimat\u0131n\u0131 tamamlar.<\/p>\n\n\n\n<div style=\"height:46px\" aria-hidden=\"true\" class=\"wp-block-spacer\"><\/div>\n\n\n\n<div class=\"wp-block-columns is-layout-flex wp-container-core-columns-is-layout-28f84493 wp-block-columns-is-layout-flex\">\n<div class=\"wp-block-column is-layout-flow wp-block-column-is-layout-flow\" style=\"padding-top:0;padding-right:0;padding-bottom:0;padding-left:0\"><\/div>\n\n\n\n<div class=\"wp-block-column is-layout-flow wp-block-column-is-layout-flow\" style=\"padding-top:0;padding-right:0;padding-bottom:0;padding-left:0\"><\/div>\n\n\n\n<div class=\"wp-block-column is-layout-flow wp-block-column-is-layout-flow\" style=\"padding-top:0;padding-right:0;padding-bottom:0;padding-left:0\"><\/div>\n<\/div>\n<\/div>\n\n\n\n<div class=\"wp-block-group alignfull has-global-padding is-layout-constrained wp-block-group-is-layout-constrained\">\n<div class=\"wp-block-group has-global-padding is-layout-constrained wp-block-group-is-layout-constrained\" style=\"padding-top:var(--wp--preset--spacing--small);padding-bottom:var(--wp--preset--spacing--small)\">\n<div style=\"height:30px\" aria-hidden=\"true\" class=\"wp-block-spacer\"><\/div>\n\n\n\n<div class=\"wp-block-columns is-layout-flex wp-container-core-columns-is-layout-c375d253 wp-block-columns-is-layout-flex\">\n<div class=\"wp-block-column is-vertically-aligned-center is-layout-flow wp-block-column-is-layout-flow\">\n<h2 class=\"wp-block-heading has-medium-font-size\" style=\"text-transform:uppercase\">Geni\u015f \u00fcr\u00fcn yelpazesi<\/h2>\n\n\n\n<p>\u015eehir ayd\u0131nlatma \u00e7\u00f6z\u00fcmleri dahil t\u00fcm elektrik, h\u0131rdavat ve tesisat malzemlerinin tedarik s\u00fcrecini bizimle tamamlayabilirisiniz.<\/p>\n\n\n\n<div class=\"wp-block-buttons is-horizontal is-content-justification-left is-layout-flex wp-container-core-buttons-is-layout-20be11b6 wp-block-buttons-is-layout-flex\"><\/div>\n\n\n\n<p><\/p>\n<\/div>\n\n\n\n<div class=\"wp-block-column is-layout-flow wp-block-column-is-layout-flow\">\n<figure class=\"wp-block-image size-large\"><img decoding=\"async\" src=\"https:\/\/mefas.com.tr\/tr\/wp-content\/themes\/inspiro\/assets\/images\/StockSnap_JKMGVEJMPU.jpg\" alt=\"\" class=\"wp-image-26\"\/><\/figure>\n<\/div>\n<\/div>\n\n\n\n<div style=\"height:30px\" aria-hidden=\"true\" class=\"wp-block-spacer\"><\/div>\n<\/div>\n<\/div>\n\n\n\n<div id=\"team\" class=\"wp-block-group has-global-padding is-layout-constrained wp-block-group-is-layout-constrained\"><\/div>\n\n\n\n<div class=\"wp-block-cover alignfull is-position-center-center\" style=\"border-radius:0px\"><span aria-hidden=\"true\" class=\"wp-block-cover__background has-black-background-color has-background-dim-40 has-background-dim\"><\/span><img loading=\"lazy\" decoding=\"async\" width=\"1800\" height=\"1350\" src=\"https:\/\/mefas.com.tr\/tr\/wp-content\/uploads\/2024\/02\/StockSnap_89BQZ89TLH.jpg\" class=\"wp-block-cover__image-background wp-post-image\" alt=\"\" data-object-fit=\"cover\" srcset=\"https:\/\/mefas.com.tr\/tr\/wp-content\/uploads\/2024\/02\/StockSnap_89BQZ89TLH.jpg 1800w, https:\/\/mefas.com.tr\/tr\/wp-content\/uploads\/2024\/02\/StockSnap_89BQZ89TLH-300x225.jpg 300w, https:\/\/mefas.com.tr\/tr\/wp-content\/uploads\/2024\/02\/StockSnap_89BQZ89TLH-1024x768.jpg 1024w\" sizes=\"auto, 100vw\" \/><div class=\"wp-block-cover__inner-container is-layout-flow wp-block-cover-is-layout-flow\">\n<div class=\"wp-block-group has-global-padding is-layout-constrained wp-block-group-is-layout-constrained\">\n<div style=\"height:31px\" aria-hidden=\"true\" class=\"wp-block-spacer\"><\/div>\n\n\n\n<div class=\"wp-block-buttons is-horizontal is-content-justification-center is-layout-flex wp-container-core-buttons-is-layout-03627597 wp-block-buttons-is-layout-flex\">\n<div class=\"wp-block-button is-style-outline is-style-outline--1\"><a class=\"wp-block-button__link has-white-color has-text-color wp-element-button\" href=\"https:\/\/mefas.com.tr\/tr\/?page_id=19\" style=\"border-radius:0px\">Bize Ula\u015f\u0131n<\/a><\/div>\n<\/div>\n<\/div>\n<\/div><\/div>\n","protected":false},"excerpt":{"rendered":"<p>Beraber \u00e7al\u0131\u015fal\u0131m! H\u0131zl\u0131 \u00dcr\u00fcn Y\u00f6netimi MEF iste\u011finiz \/ \u015fartnameniz do\u011frultusunda \u00fcr\u00fcnleri h\u0131zl\u0131 ve g\u00fcvenilir \u015fekilde tedarik s\u00fcrecini tamamlayarak zaman\u0131ndan \u00f6nce eksiksiz teslimat\u0131n\u0131 tamamlar. Geni\u015f \u00fcr\u00fcn yelpazesi \u015eehir ayd\u0131nlatma \u00e7\u00f6z\u00fcmleri dahil t\u00fcm elektrik, h\u0131rdavat ve tesisat malzemlerinin tedarik s\u00fcrecini bizimle tamamlayabilirisiniz.<\/p>\n","protected":false},"author":1,"featured_media":64,"parent":0,"menu_order":0,"comment_status":"closed","ping_status":"closed","template":"page-templates\/homepage-no-hero.php","meta":{"inspiro_hide_title":false,"footnotes":""},"class_list":["post-17","page","type-page","status-publish","has-post-thumbnail","hentry"],"yoast_head":"<!-- This site is optimized with the Yoast SEO plugin v27.1.1 - https:\/\/yoast.com\/product\/yoast-seo-wordpress\/ -->\r\n<title>Anasayfa - MEF ALTYAPI EK\u0130PMANLARI SANAY\u0130 VE T\u0130CARET A.\u015e.<\/title>\r\n<meta name=\"robots\" content=\"index, follow, max-snippet:-1, max-image-preview:large, max-video-preview:-1\" \/>\r\n<link rel=\"canonical\" href=\"https:\/\/mefas.com.tr\/tr\/\" \/>\r\n<meta property=\"og:locale\" content=\"tr_TR\" \/>\r\n<meta property=\"og:type\" content=\"article\" \/>\r\n<meta property=\"og:title\" content=\"Anasayfa - MEF ALTYAPI EK\u0130PMANLARI SANAY\u0130 VE T\u0130CARET A.\u015e.\" \/>\r\n<meta property=\"og:description\" content=\"Beraber \u00e7al\u0131\u015fal\u0131m! H\u0131zl\u0131 \u00dcr\u00fcn Y\u00f6netimi MEF iste\u011finiz \/ \u015fartnameniz do\u011frultusunda \u00fcr\u00fcnleri h\u0131zl\u0131 ve g\u00fcvenilir \u015fekilde tedarik s\u00fcrecini tamamlayarak zaman\u0131ndan \u00f6nce eksiksiz teslimat\u0131n\u0131 tamamlar. Geni\u015f \u00fcr\u00fcn yelpazesi \u015eehir ayd\u0131nlatma \u00e7\u00f6z\u00fcmleri dahil t\u00fcm elektrik, h\u0131rdavat ve tesisat malzemlerinin tedarik s\u00fcrecini bizimle tamamlayabilirisiniz.\" \/>\r\n<meta property=\"og:url\" content=\"https:\/\/mefas.com.tr\/tr\/\" \/>\r\n<meta property=\"og:site_name\" content=\"MEF ALTYAPI EK\u0130PMANLARI SANAY\u0130 VE T\u0130CARET A.\u015e.\" \/>\r\n<meta property=\"article:modified_time\" content=\"2024-02-23T10:06:01+00:00\" \/>\r\n<meta property=\"og:image\" content=\"https:\/\/mefas.com.tr\/tr\/wp-content\/uploads\/2024\/02\/StockSnap_89BQZ89TLH.jpg\" \/>\r\n\t<meta property=\"og:image:width\" content=\"1800\" \/>\r\n\t<meta property=\"og:image:height\" content=\"1350\" \/>\r\n\t<meta property=\"og:image:type\" content=\"image\/jpeg\" \/>\r\n<meta name=\"twitter:card\" content=\"summary_large_image\" \/>\r\n<meta name=\"twitter:label1\" content=\"Tahmini okuma s\u00fcresi\" \/>\n\t<meta name=\"twitter:data1\" content=\"1 dakika\" \/>\r\n<script type=\"application\/ld+json\" class=\"yoast-schema-graph\">{\"@context\":\"https:\/\/schema.org\",\"@graph\":[{\"@type\":\"WebPage\",\"@id\":\"https:\/\/mefas.com.tr\/tr\/\",\"url\":\"https:\/\/mefas.com.tr\/tr\/\",\"name\":\"Anasayfa - MEF ALTYAPI EK\u0130PMANLARI SANAY\u0130 VE T\u0130CARET A.\u015e.\",\"isPartOf\":{\"@id\":\"https:\/\/mefas.com.tr\/tr\/#website\"},\"primaryImageOfPage\":{\"@id\":\"https:\/\/mefas.com.tr\/tr\/#primaryimage\"},\"image\":{\"@id\":\"https:\/\/mefas.com.tr\/tr\/#primaryimage\"},\"thumbnailUrl\":\"https:\/\/mefas.com.tr\/tr\/wp-content\/uploads\/2024\/02\/StockSnap_89BQZ89TLH.jpg\",\"datePublished\":\"2024-02-20T22:13:30+00:00\",\"dateModified\":\"2024-02-23T10:06:01+00:00\",\"breadcrumb\":{\"@id\":\"https:\/\/mefas.com.tr\/tr\/#breadcrumb\"},\"inLanguage\":\"tr\",\"potentialAction\":[{\"@type\":\"ReadAction\",\"target\":[\"https:\/\/mefas.com.tr\/tr\/\"]}]},{\"@type\":\"ImageObject\",\"inLanguage\":\"tr\",\"@id\":\"https:\/\/mefas.com.tr\/tr\/#primaryimage\",\"url\":\"https:\/\/mefas.com.tr\/tr\/wp-content\/uploads\/2024\/02\/StockSnap_89BQZ89TLH.jpg\",\"contentUrl\":\"https:\/\/mefas.com.tr\/tr\/wp-content\/uploads\/2024\/02\/StockSnap_89BQZ89TLH.jpg\",\"width\":1800,\"height\":1350},{\"@type\":\"BreadcrumbList\",\"@id\":\"https:\/\/mefas.com.tr\/tr\/#breadcrumb\",\"itemListElement\":[{\"@type\":\"ListItem\",\"position\":1,\"name\":\"Anasayfa\",\"item\":\"https:\/\/mefas.com.tr\/tr\/\"},{\"@type\":\"ListItem\",\"position\":2,\"name\":\"Anasayfa\"}]},{\"@type\":\"WebSite\",\"@id\":\"https:\/\/mefas.com.tr\/tr\/#website\",\"url\":\"https:\/\/mefas.com.tr\/tr\/\",\"name\":\"MEF ALTYAPI EK\u0130PMANLARI SANAY\u0130 VE T\u0130CARET A.\u015e.\",\"description\":\"\",\"publisher\":{\"@id\":\"https:\/\/mefas.com.tr\/tr\/#organization\"},\"potentialAction\":[{\"@type\":\"SearchAction\",\"target\":{\"@type\":\"EntryPoint\",\"urlTemplate\":\"https:\/\/mefas.com.tr\/tr\/?s={search_term_string}\"},\"query-input\":{\"@type\":\"PropertyValueSpecification\",\"valueRequired\":true,\"valueName\":\"search_term_string\"}}],\"inLanguage\":\"tr\"},{\"@type\":\"Organization\",\"@id\":\"https:\/\/mefas.com.tr\/tr\/#organization\",\"name\":\"MEF ALTYAPI EK\u0130PMANLARI SANAY\u0130 VE T\u0130CARET A.\u015e.\",\"url\":\"https:\/\/mefas.com.tr\/tr\/\",\"logo\":{\"@type\":\"ImageObject\",\"inLanguage\":\"tr\",\"@id\":\"https:\/\/mefas.com.tr\/tr\/#\/schema\/logo\/image\/\",\"url\":\"https:\/\/mefas.com.tr\/tr\/wp-content\/uploads\/2024\/02\/logo.png\",\"contentUrl\":\"https:\/\/mefas.com.tr\/tr\/wp-content\/uploads\/2024\/02\/logo.png\",\"width\":180,\"height\":46,\"caption\":\"MEF ALTYAPI EK\u0130PMANLARI SANAY\u0130 VE T\u0130CARET A.\u015e.\"},\"image\":{\"@id\":\"https:\/\/mefas.com.tr\/tr\/#\/schema\/logo\/image\/\"}}]}<\/script>\r\n<!-- \/ Yoast SEO plugin. -->","yoast_head_json":{"title":"Anasayfa - MEF ALTYAPI EK\u0130PMANLARI SANAY\u0130 VE T\u0130CARET A.\u015e.","robots":{"index":"index","follow":"follow","max-snippet":"max-snippet:-1","max-image-preview":"max-image-preview:large","max-video-preview":"max-video-preview:-1"},"canonical":"https:\/\/mefas.com.tr\/tr\/","og_locale":"tr_TR","og_type":"article","og_title":"Anasayfa - MEF ALTYAPI EK\u0130PMANLARI SANAY\u0130 VE T\u0130CARET A.\u015e.","og_description":"Beraber \u00e7al\u0131\u015fal\u0131m! H\u0131zl\u0131 \u00dcr\u00fcn Y\u00f6netimi MEF iste\u011finiz \/ \u015fartnameniz do\u011frultusunda \u00fcr\u00fcnleri h\u0131zl\u0131 ve g\u00fcvenilir \u015fekilde tedarik s\u00fcrecini tamamlayarak zaman\u0131ndan \u00f6nce eksiksiz teslimat\u0131n\u0131 tamamlar. Geni\u015f \u00fcr\u00fcn yelpazesi \u015eehir ayd\u0131nlatma \u00e7\u00f6z\u00fcmleri dahil t\u00fcm elektrik, h\u0131rdavat ve tesisat malzemlerinin tedarik s\u00fcrecini bizimle tamamlayabilirisiniz.","og_url":"https:\/\/mefas.com.tr\/tr\/","og_site_name":"MEF ALTYAPI EK\u0130PMANLARI SANAY\u0130 VE T\u0130CARET A.\u015e.","article_modified_time":"2024-02-23T10:06:01+00:00","og_image":[{"width":1800,"height":1350,"url":"https:\/\/mefas.com.tr\/tr\/wp-content\/uploads\/2024\/02\/StockSnap_89BQZ89TLH.jpg","type":"image\/jpeg"}],"twitter_card":"summary_large_image","twitter_misc":{"Tahmini okuma s\u00fcresi":"1 dakika"},"schema":{"@context":"https:\/\/schema.org","@graph":[{"@type":"WebPage","@id":"https:\/\/mefas.com.tr\/tr\/","url":"https:\/\/mefas.com.tr\/tr\/","name":"Anasayfa - MEF ALTYAPI EK\u0130PMANLARI SANAY\u0130 VE T\u0130CARET A.\u015e.","isPartOf":{"@id":"https:\/\/mefas.com.tr\/tr\/#website"},"primaryImageOfPage":{"@id":"https:\/\/mefas.com.tr\/tr\/#primaryimage"},"image":{"@id":"https:\/\/mefas.com.tr\/tr\/#primaryimage"},"thumbnailUrl":"https:\/\/mefas.com.tr\/tr\/wp-content\/uploads\/2024\/02\/StockSnap_89BQZ89TLH.jpg","datePublished":"2024-02-20T22:13:30+00:00","dateModified":"2024-02-23T10:06:01+00:00","breadcrumb":{"@id":"https:\/\/mefas.com.tr\/tr\/#breadcrumb"},"inLanguage":"tr","potentialAction":[{"@type":"ReadAction","target":["https:\/\/mefas.com.tr\/tr\/"]}]},{"@type":"ImageObject","inLanguage":"tr","@id":"https:\/\/mefas.com.tr\/tr\/#primaryimage","url":"https:\/\/mefas.com.tr\/tr\/wp-content\/uploads\/2024\/02\/StockSnap_89BQZ89TLH.jpg","contentUrl":"https:\/\/mefas.com.tr\/tr\/wp-content\/uploads\/2024\/02\/StockSnap_89BQZ89TLH.jpg","width":1800,"height":1350},{"@type":"BreadcrumbList","@id":"https:\/\/mefas.com.tr\/tr\/#breadcrumb","itemListElement":[{"@type":"ListItem","position":1,"name":"Anasayfa","item":"https:\/\/mefas.com.tr\/tr\/"},{"@type":"ListItem","position":2,"name":"Anasayfa"}]},{"@type":"WebSite","@id":"https:\/\/mefas.com.tr\/tr\/#website","url":"https:\/\/mefas.com.tr\/tr\/","name":"MEF ALTYAPI EK\u0130PMANLARI SANAY\u0130 VE T\u0130CARET A.\u015e.","description":"","publisher":{"@id":"https:\/\/mefas.com.tr\/tr\/#organization"},"potentialAction":[{"@type":"SearchAction","target":{"@type":"EntryPoint","urlTemplate":"https:\/\/mefas.com.tr\/tr\/?s={search_term_string}"},"query-input":{"@type":"PropertyValueSpecification","valueRequired":true,"valueName":"search_term_string"}}],"inLanguage":"tr"},{"@type":"Organization","@id":"https:\/\/mefas.com.tr\/tr\/#organization","name":"MEF ALTYAPI EK\u0130PMANLARI SANAY\u0130 VE T\u0130CARET A.\u015e.","url":"https:\/\/mefas.com.tr\/tr\/","logo":{"@type":"ImageObject","inLanguage":"tr","@id":"https:\/\/mefas.com.tr\/tr\/#\/schema\/logo\/image\/","url":"https:\/\/mefas.com.tr\/tr\/wp-content\/uploads\/2024\/02\/logo.png","contentUrl":"https:\/\/mefas.com.tr\/tr\/wp-content\/uploads\/2024\/02\/logo.png","width":180,"height":46,"caption":"MEF ALTYAPI EK\u0130PMANLARI SANAY\u0130 VE T\u0130CARET A.\u015e."},"image":{"@id":"https:\/\/mefas.com.tr\/tr\/#\/schema\/logo\/image\/"}}]}},"_links":{"self":[{"href":"https:\/\/mefas.com.tr\/tr\/index.php?rest_route=\/wp\/v2\/pages\/17","targetHints":{"allow":["GET"]}}],"collection":[{"href":"https:\/\/mefas.com.tr\/tr\/index.php?rest_route=\/wp\/v2\/pages"}],"about":[{"href":"https:\/\/mefas.com.tr\/tr\/index.php?rest_route=\/wp\/v2\/types\/page"}],"author":[{"embeddable":true,"href":"https:\/\/mefas.com.tr\/tr\/index.php?rest_route=\/wp\/v2\/users\/1"}],"replies":[{"embeddable":true,"href":"https:\/\/mefas.com.tr\/tr\/index.php?rest_route=%2Fwp%2Fv2%2Fcomments&post=17"}],"version-history":[{"count":5,"href":"https:\/\/mefas.com.tr\/tr\/index.php?rest_route=\/wp\/v2\/pages\/17\/revisions"}],"predecessor-version":[{"id":70,"href":"https:\/\/mefas.com.tr\/tr\/index.php?rest_route=\/wp\/v2\/pages\/17\/revisions\/70"}],"wp:featuredmedia":[{"embeddable":true,"href":"https:\/\/mefas.com.tr\/tr\/index.php?rest_route=\/wp\/v2\/media\/64"}],"wp:attachment":[{"href":"https:\/\/mefas.com.tr\/tr\/index.php?rest_route=%2Fwp%2Fv2%2Fmedia&parent=17"}],"curies":[{"name":"wp","href":"https:\/\/api.w.org\/{rel}","templated":true}]}}